{"id":14,"date":"2011-08-22T18:00:22","date_gmt":"2011-08-22T18:00:22","guid":{"rendered":"https:\/\/www.webhome.it\/?page_id=14"},"modified":"2011-08-22T19:38:32","modified_gmt":"2011-08-22T19:38:32","slug":"web-agency-pisa","status":"publish","type":"page","link":"https:\/\/www.webhome.it\/?page_id=14","title":{"rendered":"Web Agency Pisa"},"content":{"rendered":"<h1>Web Agency\/Internet Provider Pisa Toscana Italia<\/h1>\n<p>Anyweb Consulting s.r.l. \u00e8 un&#8217;azienda composta da un gruppo di professionisti esperti di internet oltre che appassionati. Ogni professionista \u00e8 specializzato nel suo campo cos\u00ec da poter offrire ai nostri clienti il massimo su ogni quesito.<\/p>\n<p>Cosa pu\u00f2 fare per me Anyweb Consulting s.r.l.? Pu\u00f2 offrirti consulenza specializzata internet<br \/>\ne pu\u00f2 offrirti i suoi strumenti e applicativi realizzati appositamente per<br \/>\ngestire la vita in rete della tua azienda da protagonista e non da spettatore!!!<\/p>\n<blockquote><p>&#8211; pu\u00f2 registrare o trasferire il tuo nome a dominio. www.vostrosito.ext<br \/>\n&#8211; pu\u00f2 realizzare il tuo sito web statico, dinamico o in flash.<br \/>\n&#8211; pu\u00f2 realizzare il tuo sito web di commercio elettronico (e-commerce). &#8211; pu\u00f2<br \/>\nfornire email e posta elettronica certificata con o senza il vostro@nome.ext<br \/>\n&#8211; pu\u00f2 realizzare un portale di medie o grandi dimensioni.<br \/>\n&#8211; pu\u00f2 creare una foto gallery statica in flash o dinamica.<br \/>\n&#8211; pu\u00f2 creare una mailinglist o newsletter per inviare email ai tuoi clienti.<br \/>\n&#8211; pu\u00f2 realizzare il tuo blog aziendale, un forum, o una chat o guestbook.<br \/>\n&#8211; pu\u00f2 posizionare il tuo sito ai primi posti sui motori di ricerca (google compreso)<br \/>\n&#8211; pu\u00f2 promuoverti sui social network (facebook, twitter, etc..)<br \/>\n&#8211; pu\u00f2 promuoverti sui media nazionali o internazionali. (TV, Giornali, Quotidiani<br \/>\necc..)<br \/>\n&#8211; pu\u00f2 fornirti hosting per il tuo sito web a basso costo<br \/>\n&#8211; pu\u00f2 fornirti housing per il tuo server dedicato<br \/>\n&#8211; pu\u00f2 offrirti server virtuali a prestazioni avanzate equivalenti a un server dedicato<\/p><\/blockquote>\n<p>In pratica potete rivolgervi alla <a title=\"Web Agency Pisa\" href=\"http:\/\/www.anyweb.it\" target=\"_blank\"><strong>Web Agency di Pisa<\/strong><\/a> <strong>Anyweb.it Consulting S.r.L.<\/strong> per risolvere ogni problema legato ad internet.<\/p>\n<p>Siamo inoltre specializzati nel web marketing alberghiero e nello sviluppo di sitiweb in genere ma sopratutto di hotel alberghi<br \/>\nagriturismo bed and breakfast residence campeggi ecc.. con relativo <strong>Booking Engine per ricevere e gestire le prenotazioni online<\/strong>.<br \/>\nRealizziamo portali e ne gestiamo centinaia in prevalenza turistici, curiamo la presenza in rete con relativo posizionamento sui motori di ricerca, sui social network, nelle directory affini e realizziamo comunicati stampa ad<br \/>\nhoc da dare in pasto ai siti dedicati. Visita il sito www.anyweb.it o contattaci dal sito http:\/\/clienti.anyweb.it o fai click sul link seguente<\/p>\n<h2><a title=\"Web Agency Internet Provider Pisa Toscana Italia\" href=\"http:\/\/www.anyweb.it\" target=\"_blank\">Web Agency Internet Provider Pisa Toscana Italia<\/a><br \/>\nRealizza siti web, ecommerce, booking engine, posizionamento motori di ricerca social network in Toscana &#8211; Pisa Firenze Lucca Livorno Siena Grosseto Arezzo.<\/h2>\n<table id=\"AutoNumber1\" style=\"border-collapse: collapse;\" width=\"100%\" border=\"0\" cellspacing=\"0\" cellpadding=\"0\">\n<tbody>\n<tr>\n<td width=\"50%\">\n<ul>\n<\/ul>\n<ul>\n<li><a title=\"Creazione e sviluppo siti internet Pisa\" href=\"http:\/\/www.anyweb.it\" target=\"_blank\">Creazione e sviluppo siti internet Pisa<\/a><\/li>\n<li><a title=\"Webmaster Pisa\" href=\"http:\/\/www.anyweb.it\" target=\"_blank\">Webmaster Pisa<\/a><\/li>\n<li><a title=\"Studio web Pisa\" href=\"http:\/\/www.anyweb.it\" target=\"_blank\">Studio web Pisa<\/a><\/li>\n<li><a title=\"Internet provider Pisa\" href=\"http:\/\/www.anyweb.it\" target=\"_blank\">Internet provider Pisa<\/a><\/li>\n<li><a title=\"Web agency Pisa\" href=\"http:\/\/www.anyweb.it\" target=\"_blank\">Web agency Pisa<\/a><\/li>\n<li><a title=\"Web marketing Pisa\" href=\"http:\/\/www.anyweb.it\" target=\"_blank\">Web marketing Pisa<\/a><\/li>\n<li><a title=\"Grafica Pisa\" href=\"http:\/\/www.anyweb.it\" target=\"_blank\">Grafica Pisa<\/a><\/li>\n<li><a title=\"Web design Pisa\" href=\"http:\/\/www.anyweb.it\" target=\"_blank\">Web design Pisa<\/a><\/li>\n<li><a title=\"Registrazione domini Pisa\" href=\"http:\/\/www.anyweb.it\" target=\"_blank\">Registrazione domini Pisa<\/a><\/li>\n<li><a title=\"Posizionamento siti web Pisa\" href=\"http:\/\/www.anyweb.it\" target=\"_blank\">Posizionamento siti web Pisa<\/a><\/li>\n<li><a title=\"Agenzia comunicazione Pisa\" href=\"http:\/\/www.anyweb.it\" target=\"_blank\">Agenzia comunicazione Pisa<\/a><\/li>\n<\/ul>\n<\/td>\n<td width=\"50%\">\n<ul>\n<\/ul>\n<ul>\n<li><a title=\"Sviluppo siti web Pisa\" href=\"http:\/\/www.anyweb.it\" target=\"_blank\">Sviluppo siti web Pisa<\/a><\/li>\n<li><a title=\"E-commerce Pisa\" href=\"http:\/\/www.anyweb.it\" target=\"_blank\">E-commerce Pisa<\/a><\/li>\n<li><a title=\"Web marketing alberghiero Pisa\" href=\"http:\/\/www.anyweb.it\" target=\"_blank\">Web marketing alberghiero Pisa<\/a><\/li>\n<li><a title=\"Crea sito Pisa\" href=\"http:\/\/www.anyweb.it\" target=\"_blank\">Crea sito Pisa<\/a><\/li>\n<li><a title=\"Crea siti Pisa\" href=\"http:\/\/www.anyweb.it\" target=\"_blank\">Crea siti Pisa<\/a><\/li>\n<li><a title=\"Realizzazione siti web Pisa\" href=\"http:\/\/www.anyweb.it\" target=\"_blank\">Realizzazione siti web Pisa<\/a><\/li>\n<li><a title=\"Creazione siti web Pisa\" href=\"http:\/\/www.anyweb.it\" target=\"_blank\">Creazione siti web Pisa<\/a><\/li>\n<li><a title=\"Sviluppo siti web hotel Pisa\" href=\"http:\/\/www.anyweb.it\" target=\"_blank\">Sviluppo siti web hotel Pisa<\/a><\/li>\n<li><a title=\"Realizzazione siti turistici Pisa\" href=\"http:\/\/www.anyweb.it\" target=\"_blank\">Realizzazione siti turistici Pisa<\/a><\/li>\n<li><a title=\"Realizzazione siti alberghieri Pisa\" href=\"http:\/\/www.anyweb.it\" target=\"_blank\">Realizzazione siti alberghieri Pisa<\/a><\/li>\n<li><a title=\"Web designer Pisa\" href=\"http:\/\/www.anyweb.it\" target=\"_blank\">Web designer Pisa<\/a><\/li>\n<li><a title=\"Freelance Pisa\" href=\"http:\/\/www.anyweb.it\" target=\"_blank\">Freelance Pisa<\/a><\/li>\n<\/ul>\n<\/td>\n<\/tr>\n<\/tbody>\n<\/table>\n","protected":false},"excerpt":{"rendered":"<p>Web Agency\/Internet Provider Pisa Toscana Italia Anyweb Consulting s.r.l. \u00e8 un&#8217;azienda composta da un gruppo di professionisti esperti di internet oltre che appassionati. Ogni professionista \u00e8 specializzato nel suo campo cos\u00ec da poter offrire ai nostri clienti il massimo su ogni quesito. Cosa pu\u00f2 fare per me Anyweb Consulting s.r.l.? Pu\u00f2 offrirti consulenza specializzata internet [&hellip;]<\/p>\n","protected":false},"author":2,"featured_media":0,"parent":0,"menu_order":0,"comment_status":"open","ping_status":"closed","template":"","meta":{"site-sidebar-layout":"default","site-content-layout":"","ast-site-content-layout":"default","site-content-style":"default","site-sidebar-style":"default","ast-global-header-display":"","ast-banner-title-visibility":"","ast-main-header-display":"","ast-hfb-above-header-display":"","ast-hfb-below-header-display":"","ast-hfb-mobile-header-display":"","site-post-title":"","ast-breadcrumbs-content":"","ast-featured-img":"","footer-sml-layout":"","ast-disable-related-posts":"","theme-transparent-header-meta":"","adv-header-id-meta":"","stick-header-meta":"","header-above-stick-meta":"","header-main-stick-meta":"","header-below-stick-meta":"","astra-migrate-meta-layouts":"default","ast-page-background-enabled":"default","ast-page-background-meta":{"desktop":{"background-color":"var(--ast-global-color-4)","background-image":"","background-repeat":"repeat","background-position":"center center","background-size":"auto","background-attachment":"scroll","background-type":"","background-media":"","overlay-type":"","overlay-color":"","overlay-opacity":"","overlay-gradient":""},"tablet":{"background-color":"","background-image":"","background-repeat":"repeat","background-position":"center center","background-size":"auto","background-attachment":"scroll","background-type":"","background-media":"","overlay-type":"","overlay-color":"","overlay-opacity":"","overlay-gradient":""},"mobile":{"background-color":"","background-image":"","background-repeat":"repeat","background-position":"center center","background-size":"auto","background-attachment":"scroll","background-type":"","background-media":"","overlay-type":"","overlay-color":"","overlay-opacity":"","overlay-gradient":""}},"ast-content-background-meta":{"desktop":{"background-color":"var(--ast-global-color-5)","background-image":"","background-repeat":"repeat","background-position":"center center","background-size":"auto","background-attachment":"scroll","background-type":"","background-media":"","overlay-type":"","overlay-color":"","overlay-opacity":"","overlay-gradient":""},"tablet":{"background-color":"var(--ast-global-color-5)","background-image":"","background-repeat":"repeat","background-position":"center center","background-size":"auto","background-attachment":"scroll","background-type":"","background-media":"","overlay-type":"","overlay-color":"","overlay-opacity":"","overlay-gradient":""},"mobile":{"background-color":"var(--ast-global-color-5)","background-image":"","background-repeat":"repeat","background-position":"center center","background-size":"auto","background-attachment":"scroll","background-type":"","background-media":"","overlay-type":"","overlay-color":"","overlay-opacity":"","overlay-gradient":""}},"footnotes":""},"class_list":["post-14","page","type-page","status-publish","hentry"],"_links":{"self":[{"href":"https:\/\/www.webhome.it\/index.php?rest_route=\/wp\/v2\/pages\/14","targetHints":{"allow":["GET"]}}],"collection":[{"href":"https:\/\/www.webhome.it\/index.php?rest_route=\/wp\/v2\/pages"}],"about":[{"href":"https:\/\/www.webhome.it\/index.php?rest_route=\/wp\/v2\/types\/page"}],"author":[{"embeddable":true,"href":"https:\/\/www.webhome.it\/index.php?rest_route=\/wp\/v2\/users\/2"}],"replies":[{"embeddable":true,"href":"https:\/\/www.webhome.it\/index.php?rest_route=%2Fwp%2Fv2%2Fcomments&post=14"}],"version-history":[{"count":0,"href":"https:\/\/www.webhome.it\/index.php?rest_route=\/wp\/v2\/pages\/14\/revisions"}],"wp:attachment":[{"href":"https:\/\/www.webhome.it\/index.php?rest_route=%2Fwp%2Fv2%2Fmedia&parent=14"}],"curies":[{"name":"wp","href":"https:\/\/api.w.org\/{rel}","templated":true}]}}